{"id":98,"date":"2025-06-04T10:30:11","date_gmt":"2025-06-04T08:30:11","guid":{"rendered":"https:\/\/terredeco.fr\/?page_id=98"},"modified":"2025-06-09T11:31:29","modified_gmt":"2025-06-09T09:31:29","slug":"ecologie-solidarite","status":"publish","type":"page","link":"https:\/\/terredeco.fr\/?page_id=98","title":{"rendered":"\u00c9cologie &amp; solidarit\u00e9"},"content":{"rendered":"\t\t<div data-elementor-type=\"wp-page\" data-elementor-id=\"98\" class=\"elementor elementor-98\">\n\t\t\t\t<div class=\"elementor-element elementor-element-369e83f6 e-flex e-con-boxed e-con e-parent\" data-id=\"369e83f6\" data-element_type=\"container\">\n\t\t\t\t\t<div class=\"e-con-inner\">\n\t\t\t\t<div class=\"elementor-element elementor-element-3bc456d8 elementor-widget elementor-widget-text-editor\" data-id=\"3bc456d8\" data-element_type=\"widget\" data-widget_type=\"text-editor.default\">\n\t\t\t\t<div class=\"elementor-widget-container\">\n\t\t\t\t\t\t\t\t\t\n<div class=\"wp-block-group is-layout-constrained wp-block-group-is-layout-constrained\">\n<h2 class=\"wp-block-heading has-x-large-font-size\">Faire des \u00e9conomies en \u00e9conomisant <br \/>les ressources de la plan\u00e8te<\/h2>\n\n<div class=\"wp-block-columns is-layout-flex wp-container-core-columns-is-layout-28f84493 wp-block-columns-is-layout-flex\">\n<div class=\"wp-block-column is-layout-flow wp-block-column-is-layout-flow\">\n<p>Acheter un v\u00eatement de seconde main, cela \u00e9conomise le coton ou le p\u00e9trole pour fabriquer le tissu. Cela \u00e9vite aussi bien des pollutions comme celle de rivi\u00e8res contamin\u00e9es par des teintures toxiques.<\/p>\n\n<p>Acheter un objet d&rsquo;occasion, c&rsquo;est aussi une bonne astuce pour savoir si un pantalon ou une horloge est de bonne qualit\u00e9. Si l&rsquo;objet est toujours en bon \u00e9tat apr\u00e8s de nombreuses utilisations, c&rsquo;est que cet objet est bien con\u00e7u et qu&rsquo;il va durer !<\/p>\n<\/div>\n\n<div class=\"wp-block-column is-layout-flow wp-block-column-is-layout-flow\">\n<figure class=\"wp-block-image aligncenter size-full\"><img fetchpriority=\"high\" decoding=\"async\" width=\"300\" height=\"300\" class=\"wp-image-107\" style=\"aspect-ratio: 1; object-fit: cover;\" src=\"https:\/\/terredeco.fr\/wp-content\/uploads\/2025\/06\/300_save-planet.jpg\" alt=\"\" srcset=\"https:\/\/terredeco.fr\/wp-content\/uploads\/2025\/06\/300_save-planet.jpg 300w, https:\/\/terredeco.fr\/wp-content\/uploads\/2025\/06\/300_save-planet-150x150.jpg 150w\" sizes=\"(max-width: 300px) 100vw, 300px\" \/><\/figure>\n<\/div>\n<\/div>\n<\/div>\n\n<div class=\"wp-block-group has-background is-layout-constrained wp-block-group-is-layout-constrained\" style=\"background-color: #fff1dee6;\">\n<h2 class=\"wp-block-heading has-x-large-font-size\">Sensibilisation<\/h2>\n\n<div class=\"wp-block-columns are-vertically-aligned-top is-layout-flex wp-container-core-columns-is-layout-28f84493 wp-block-columns-is-layout-flex\">\n<div class=\"wp-block-column is-vertically-aligned-top is-layout-flow wp-block-column-is-layout-flow\">\n<p class=\"has-text-align-center\"><strong>Nos fiches<\/strong><\/p>\n\n<ul class=\"wp-block-list\">\n<li><a href=\"https:\/\/terredeco.fr\/wp-content\/uploads\/2025\/06\/Pyramide-dechets-BD.pdf\" target=\"_blank\" rel=\"noopener\">La pyramide pour \u00e9viter les d\u00e9chets<\/a><\/li>\n\n<li><a href=\"https:\/\/terredeco.fr\/wp-content\/uploads\/2025\/06\/Economie-circulaire-BD.pdf\" target=\"_blank\" rel=\"noopener\">L&rsquo;\u00e9conomie circulaire<\/a><\/li>\n\n<li><a href=\"https:\/\/terredeco.fr\/wp-content\/uploads\/2025\/06\/Smartphone-Sensibilisation-Ressourcerie-V3.pdf\" target=\"_blank\" rel=\"noopener\">Prot\u00e9ger son smartphone<\/a><\/li>\n\n<li><a href=\"https:\/\/terredeco.fr\/wp-content\/uploads\/2025\/06\/gaspillage-textile.pdf\" target=\"_blank\" rel=\"noopener\">\u00c9viter le gaspillage textile<\/a><\/li>\n<\/ul>\n\n<div class=\"wp-block-spacer\" style=\"height: 100px;\" aria-hidden=\"true\">\u00a0<\/div>\n\n<p>\u00a0<\/p>\n<\/div>\n\n<div class=\"wp-block-column is-vertically-aligned-top is-layout-flow wp-block-column-is-layout-flow\">\n<p><strong>Nos actions<\/strong><\/p>\n\n<p>\u00c0 l&rsquo;\u00e9cole ou dans nos murs, nous organisons des ateliers pour enfants ou pour adultes sur le th\u00e8me du tri et de la seconde main. Contactez-nous <a href=\"mailto:ressourcerie.terredeco@gmail.com\">ressourcerie.terredeco@gmail.com<\/a> &#8211; 06 64 02 81 95<\/p>\n<\/div>\n<\/div>\n<\/div>\n\n<figure class=\"wp-block-gallery has-nested-images columns-6 wp-block-gallery-2 is-layout-flex wp-block-gallery-is-layout-flex\">\n<figure class=\"wp-block-image size-full\"><img decoding=\"async\" width=\"1024\" height=\"768\" data-id=\"156\" class=\"wp-image-156\" src=\"https:\/\/terredeco.fr\/wp-content\/uploads\/2025\/06\/ecologic-logo-rvb-1-1024x768.png\" alt=\"\" srcset=\"https:\/\/terredeco.fr\/wp-content\/uploads\/2025\/06\/ecologic-logo-rvb-1-1024x768.png 1024w, https:\/\/terredeco.fr\/wp-content\/uploads\/2025\/06\/ecologic-logo-rvb-1-300x225.png 300w, https:\/\/terredeco.fr\/wp-content\/uploads\/2025\/06\/ecologic-logo-rvb-1-768x576.png 768w, https:\/\/terredeco.fr\/wp-content\/uploads\/2025\/06\/ecologic-logo-rvb-1-1536x1152.png 1536w, https:\/\/terredeco.fr\/wp-content\/uploads\/2025\/06\/ecologic-logo-rvb-1.png 1600w\" sizes=\"(max-width: 1024px) 100vw, 1024px\" \/><\/figure>\n\n<figure class=\"wp-block-image size-full\"><img decoding=\"async\" width=\"210\" height=\"240\" data-id=\"150\" class=\"wp-image-150\" src=\"https:\/\/terredeco.fr\/wp-content\/uploads\/2025\/06\/ademe.png\" alt=\"\" \/><\/figure>\n\n<figure class=\"wp-block-image size-full\"><img loading=\"lazy\" decoding=\"async\" width=\"283\" height=\"178\" data-id=\"151\" class=\"wp-image-151\" src=\"https:\/\/terredeco.fr\/wp-content\/uploads\/2025\/06\/SumeneArtenseCom.png\" alt=\"\" \/><\/figure>\n\n<figure class=\"wp-block-image size-full\"><img loading=\"lazy\" decoding=\"async\" width=\"225\" height=\"225\" data-id=\"152\" class=\"wp-image-152\" src=\"https:\/\/terredeco.fr\/wp-content\/uploads\/2025\/06\/paysgentiane.jpeg\" alt=\"\" srcset=\"https:\/\/terredeco.fr\/wp-content\/uploads\/2025\/06\/paysgentiane.jpeg 225w, https:\/\/terredeco.fr\/wp-content\/uploads\/2025\/06\/paysgentiane-150x150.jpeg 150w\" sizes=\"(max-width: 225px) 100vw, 225px\" \/><\/figure>\n\n<figure class=\"wp-block-image size-full\"><img loading=\"lazy\" decoding=\"async\" width=\"225\" height=\"225\" data-id=\"153\" class=\"wp-image-153\" src=\"https:\/\/terredeco.fr\/wp-content\/uploads\/2025\/06\/FranceActiveAuvergne.jpeg\" alt=\"\" srcset=\"https:\/\/terredeco.fr\/wp-content\/uploads\/2025\/06\/FranceActiveAuvergne.jpeg 225w, https:\/\/terredeco.fr\/wp-content\/uploads\/2025\/06\/FranceActiveAuvergne-150x150.jpeg 150w\" sizes=\"(max-width: 225px) 100vw, 225px\" \/><\/figure>\n\n<figure class=\"wp-block-image size-full\"><img loading=\"lazy\" decoding=\"async\" width=\"275\" height=\"183\" data-id=\"154\" class=\"wp-image-154\" src=\"https:\/\/terredeco.fr\/wp-content\/uploads\/2025\/06\/europe.png\" alt=\"\" \/><\/figure>\n<\/figure>\n\t\t\t\t\t\t\t\t<\/div>\n\t\t\t\t<\/div>\n\t\t\t\t\t<\/div>\n\t\t\t\t<\/div>\n\t\t\t\t<\/div>\n\t\t","protected":false},"excerpt":{"rendered":"<p>Faire des \u00e9conomies en \u00e9conomisant les ressources de la plan\u00e8te Acheter un v\u00eatement de seconde main, cela \u00e9conomise le coton [&hellip;]<\/p>\n","protected":false},"author":1,"featured_media":0,"parent":0,"menu_order":0,"comment_status":"closed","ping_status":"closed","template":"","meta":{"site-sidebar-layout":"default","site-content-layout":"https:\/\/terredeco.fr\/wp-content\/uploads\/2025\/06\/ecologic-logo-rvb-1-1024x768.png","ast-site-content-layout":"","site-content-style":"default","site-sidebar-style":"default","ast-global-header-display":"","ast-banner-title-visibility":"","ast-main-header-display":"","ast-hfb-above-header-display":"","ast-hfb-below-header-display":"","ast-hfb-mobile-header-display":"","site-post-title":"disabled","ast-breadcrumbs-content":"","ast-featured-img":"","footer-sml-layout":"","theme-transparent-header-meta":"","adv-header-id-meta":"","stick-header-meta":"","header-above-stick-meta":"","header-main-stick-meta":"","header-below-stick-meta":"","astra-migrate-meta-layouts":"default","ast-page-background-enabled":"default","ast-page-background-meta":{"desktop":{"background-color":"var(--ast-global-color-5)","background-image":"","background-repeat":"repeat","background-position":"center center","background-size":"auto","background-attachment":"scroll","background-type":"","background-media":"","overlay-type":"","overlay-color":"","overlay-opacity":"","overlay-gradient":""},"tablet":{"background-color":"","background-image":"","background-repeat":"repeat","background-position":"center center","background-size":"auto","background-attachment":"scroll","background-type":"","background-media":"","overlay-type":"","overlay-color":"","overlay-opacity":"","overlay-gradient":""},"mobile":{"background-color":"","background-image":"","background-repeat":"repeat","background-position":"center center","background-size":"auto","background-attachment":"scroll","background-type":"","background-media":"","overlay-type":"","overlay-color":"","overlay-opacity":"","overlay-gradient":""}},"ast-content-background-meta":{"desktop":{"background-color":"var(--ast-global-color-4)","background-image":"","background-repeat":"repeat","background-position":"center center","background-size":"auto","background-attachment":"scroll","background-type":"","background-media":"","overlay-type":"","overlay-color":"","overlay-opacity":"","overlay-gradient":""},"tablet":{"background-color":"var(--ast-global-color-4)","background-image":"","background-repeat":"repeat","background-position":"center center","background-size":"auto","background-attachment":"scroll","background-type":"","background-media":"","overlay-type":"","overlay-color":"","overlay-opacity":"","overlay-gradient":""},"mobile":{"background-color":"var(--ast-global-color-4)","background-image":"","background-repeat":"repeat","background-position":"center center","background-size":"auto","background-attachment":"scroll","background-type":"","background-media":"","overlay-type":"","overlay-color":"","overlay-opacity":"","overlay-gradient":""}},"footnotes":""},"class_list":["post-98","page","type-page","status-publish","hentry"],"_links":{"self":[{"href":"https:\/\/terredeco.fr\/index.php?rest_route=\/wp\/v2\/pages\/98","targetHints":{"allow":["GET"]}}],"collection":[{"href":"https:\/\/terredeco.fr\/index.php?rest_route=\/wp\/v2\/pages"}],"about":[{"href":"https:\/\/terredeco.fr\/index.php?rest_route=\/wp\/v2\/types\/page"}],"author":[{"embeddable":true,"href":"https:\/\/terredeco.fr\/index.php?rest_route=\/wp\/v2\/users\/1"}],"replies":[{"embeddable":true,"href":"https:\/\/terredeco.fr\/index.php?rest_route=%2Fwp%2Fv2%2Fcomments&post=98"}],"version-history":[{"count":22,"href":"https:\/\/terredeco.fr\/index.php?rest_route=\/wp\/v2\/pages\/98\/revisions"}],"predecessor-version":[{"id":274,"href":"https:\/\/terredeco.fr\/index.php?rest_route=\/wp\/v2\/pages\/98\/revisions\/274"}],"wp:attachment":[{"href":"https:\/\/terredeco.fr\/index.php?rest_route=%2Fwp%2Fv2%2Fmedia&parent=98"}],"curies":[{"name":"wp","href":"https:\/\/api.w.org\/{rel}","templated":true}]}}